{"id":135,"date":"2010-12-09T21:36:18","date_gmt":"2010-12-09T21:36:18","guid":{"rendered":"http:\/\/soledadjaen.es\/web\/?page_id=135"},"modified":"2011-02-20T21:24:27","modified_gmt":"2011-02-20T21:24:27","slug":"don-rafael-ortega-sagrista","status":"publish","type":"page","link":"http:\/\/soledadjaen.es\/web\/?page_id=135","title":{"rendered":"Don Rafael Ortega Sagrista"},"content":{"rendered":"<div><strong>Por Juan Aranda Moreno<\/strong><\/div>\n<p><strong>\u00a0<\/p>\n<p><\/strong><\/p>\n<p><strong>\u00a0<\/strong>Historiador y escritor jiennense (1918-1988)<\/p>\n<p>Don Rafael Ortega y Sagrista naci\u00f3 en Ja\u00e9n el 13 de enero de 1918. Aunque a los 17 a\u00f1os acab\u00f3 el Bachillerato no pudo finalizar su licenciatura hasta 1942. Estudi\u00f3 Derecho por la Universidad de Granada en el turno libre. Al a\u00f1o de acabar sus estudios ingres\u00f3 en el Cuerpo T\u00e9cnico Administrativo de Hacienda. Primeramente fue destinado a Huelva y en 1945 a Madrid. All\u00ed, durante ocho a\u00f1os,\u00a0 armoniz\u00f3 su trabajo en Hacienda con el de profesor de Historia del Derecho en la Universidad Central. Pese a la distancia geogr\u00e1fica sigui\u00f3 muy en contacto con su tierra natal.<\/p>\n<p>En el sal\u00f3n de actos de la Diputaci\u00f3n provincial, a las siete y media de la tarde del 24 de marzo de 1956, s\u00e1bado de pasi\u00f3n, don Rafael pronunci\u00f3 su discurso de ingreso en el Instituto de Estudios Giennenses con el t\u00edtulo \u00abHistoria de las Cofrad\u00edas y sus procesiones de Semana Santa en la ciudad de Ja\u00e9n. Siglos XVI al XX\u00bb. Dicho documento supuso un punto de arranque en la investigaci\u00f3n cofrade. A\u00fan hoy es un texto b\u00e1sico de referencia.<\/p>\n<p style=\"text-align: center;\"><a href=\"http:\/\/soledadjaen.es\/web\/wp-content\/uploads\/Piedad-y-San-Juan1.jpg\"><img loading=\"lazy\" decoding=\"async\" class=\"aligncenter colorbox-135\" title=\"Piedad y San Juan\" src=\"http:\/\/soledadjaen.es\/web\/wp-content\/uploads\/Piedad-y-San-Juan1-200x300.jpg\" alt=\"Ef\u00edmero Paso de misterio de la Piedad y San Juan\" width=\"200\" height=\"300\" \/><\/a><\/p>\n<div>\n<dl id=\"attachment_394\" style=\"text-align: center;\"><a href=\"http:\/\/soledadjaen.es\/web\/wp-content\/uploads\/Piedad-y-San-Juan1.jpg\"><\/a>Ef\u00edmero Paso de misterio de la Piedad y San Juan<\/dl>\n<\/div>\n<p>Regres\u00f3 definitivamente a Ja\u00e9n en 1960. Lleg\u00f3 a ser subdelegado de Hacienda, miembro de la Real Academia de Historia y Consejero de Bellas Artes de Ja\u00e9n.<\/p>\n<p>Los que conocieron a Ortega y Sagrista refieren de \u00e9l su m\u00e9todo de trabajo paciente, ordenado, minucioso. Sus investigaciones se centraron en las tradiciones y aspectos costumbristas de Ja\u00e9n, no s\u00f3lo en el citado Instituto de Estudios Giennenses sino tambi\u00e9n en el Archivo Diocesano y en la Santa Capilla de San Andr\u00e9s. Adem\u00e1s tambi\u00e9n fue cronista e investigador de varias cofrad\u00edas de la ciudad, destacando su querencia sobre la Cofrad\u00eda de la Expiraci\u00f3n con cuya t\u00fanica fue amortajado el 1 de septiembre de 1988.<\/p>\n<p>Entre sus obras destacan los dos vol\u00famenes de Escenas y Costumbres de Ja\u00e9n, y una ingente cantidad de art\u00edculos publicados en el Bolet\u00edn del IEG, Senda de los Huertos, Alto Guadalquivir, Diario Ja\u00e9n, Paisaje, Cruz de gu\u00eda, Lux Mundi, etc.<\/p>\n<p>En lo referente a nuestra Cofrad\u00eda, permaneci\u00f3 desde 1949 hasta 1981 en su Junta de Gobierno. Ya en 1951 el gobernador D. Juan L\u00f3pez Aguilar, en una entrevista al diario Ja\u00e9n, se expresaba as\u00ed: \u201ctenemos a nuestro cronista Rafael Ortega Sagrista, el cual en\u00a0 varias\u00a0 ocasiones se ha desplazado a Madrid y Granada, donde ha podido adquirir datos important\u00edsimos y conocer exactamente la fecha de la fundaci\u00f3n de esta Cofrad\u00eda, que fue en el 1556, datos dignos de ser conocidos en Ja\u00e9n y que aprovechando este momento, quiero manifestarle el agradecimiento de la Cofrad\u00eda\u201d.<\/p>\n<p>Entre sus acciones vinculadas con la Cofrad\u00eda caben destacar:<\/p>\n<table border=\"1\" cellspacing=\"0\" cellpadding=\"0\">\n<tbody>\n<tr>\n<td width=\"67\" valign=\"top\">A\u00d1O<\/td>\n<td width=\"514\" valign=\"top\">ACTIVIDADES<\/td>\n<\/tr>\n<tr>\n<td width=\"67\" valign=\"top\">1949<\/td>\n<td width=\"514\" valign=\"top\">Ingresa en la Junta de Gobierno de la Soledad<\/td>\n<\/tr>\n<tr>\n<td width=\"67\" valign=\"top\">1956<\/td>\n<td width=\"514\" valign=\"top\">Discurso de ingreso en el IEG: primera aportaci\u00f3n historiogr\u00e1fica relacionada con la Cofrad\u00eda<\/td>\n<\/tr>\n<tr>\n<td width=\"67\" valign=\"top\">1967<\/td>\n<td width=\"514\" valign=\"top\">Sufraga y gestiona el encargo de la talla de San Juan Evangelista<\/td>\n<\/tr>\n<tr>\n<td width=\"67\" valign=\"top\">1969<\/td>\n<td width=\"514\" valign=\"top\">Sustituye al delegado de Hacienda en la procesi\u00f3n del Santo Entierro<\/td>\n<\/tr>\n<tr>\n<td width=\"67\" valign=\"top\">A\u00f1os 70<\/td>\n<td width=\"514\" valign=\"top\">Propone la creaci\u00f3n de la Secci\u00f3n Sanjuanista en la Cofrad\u00eda de la Soledad<\/td>\n<\/tr>\n<tr>\n<td width=\"67\" valign=\"top\">\u00bf?<\/td>\n<td width=\"514\" valign=\"top\">Se encarga del cuidado y decoro de San Juan Evangelista<\/td>\n<\/tr>\n<tr>\n<td width=\"67\" valign=\"top\">1979<\/td>\n<td width=\"514\" valign=\"top\">Costea un gallardete en tis\u00fa de color verde y una vara de alpaca plateada<\/td>\n<\/tr>\n<tr>\n<td width=\"67\" valign=\"top\">1981<\/td>\n<td width=\"514\" valign=\"top\">Dona un gui\u00f3n<\/td>\n<\/tr>\n<tr>\n<td width=\"67\" valign=\"top\">1981<\/td>\n<td width=\"514\" valign=\"top\">Cesa de la Junta de Gobierno de la Cofrad\u00eda<\/td>\n<\/tr>\n<tr>\n<td width=\"67\" valign=\"top\">1983<\/td>\n<td width=\"514\" valign=\"top\">Publica su Historia de la Cofrad\u00eda de la Transfixi\u00f3n y Soledad de la Madre de Dios<\/td>\n<\/tr>\n<\/tbody>\n<\/table>\n<p>Cinco a\u00f1os antes de su muerte termin\u00f3 la historia de nuestra querida Cofrad\u00eda con este p\u00e1rrafo:<\/p>\n<p>\u201cEl 3 de noviembre ces\u00f3 el gobernador de la Cofrad\u00eda don Jos\u00e9 Mu\u00f1oz Maldonado y le sustituy\u00f3 una nueva junta de gente joven. Tambi\u00e9n ces\u00f3 el cronista, autor de esta Historia de la Cofrad\u00eda,\u00a0 en la que tantos a\u00f1os he trabajado con ilusi\u00f3n y per\u00adseverancia hasta verla terminada, para cumplir as\u00ed la tarea que me impuse desde que fui nombrado en 28 de mayo de 1949. Han sido desde entonces treinta y dos a\u00f1os de laboriosas investiga\u00adciones en los archivos, de largas transcripciones de manuscritos dif\u00edciles de descifrar. Y una vez obtenido ese material disperso, hubo que sistematizarlo y confrontarlo hasta formar esta mo\u00adnograf\u00eda que tantos y tantos datos contiene para la historia de Ja\u00e9n, de sus cofrad\u00edas y en particular de \u00e9sta de la Soledad a la que estuve vinculado gran parte de mi existencia, y a la que dediqu\u00e9 muchas horas de mi vida a su estudio y devoci\u00f3n\u201d.<\/p>\n<p>Finaliz\u00f3 su escrito con la expresi\u00f3n \u201cA. M. D. G.\u201d (Ad Maiorem Dei Gloriam, a la mayor gloria de Dios): alegor\u00eda de su prosa culta y sencilla, de sus profundas creencias religiosas y amor a Nuestra Se\u00f1ora.<\/p>\n<p><strong>Fuentes:<\/strong><\/p>\n<p>Ram\u00f3n Guix\u00e1 Tobar: \u00abLas hermandades de Ja\u00e9n\u00bb, art\u00edculo perteneciente a la publicaci\u00f3n titulada \u00abLa Semana Santa en Ja\u00e9n\u00bb, tomo II.<\/p>\n<p>Francisco Jos\u00e9 Latorre D\u00edaz: \u00abFiesta en honor a San Juan Evangelista\u00bb, Pasi\u00f3n y Gloria, 2006.<\/p>\n<p>Mar\u00eda Teresa L\u00f3pez Arandia: \u00abUna tard\u00eda imagen de San Juan\u00bb, Pasi\u00f3n y Gloria, 2002.<\/p>\n<p>Manuel L\u00f3pez P\u00e9rez: \u00abEnciclopedia Audiovisual de la Semana Santa de Ja\u00e9n\u00bb, 2006.<\/p>\n<p>Rafael Ortega y Sagrista: \u00abHistoria de la cofrad\u00eda de la Transfixi\u00f3n y Soledad de la Madre de Dios\u00bb, BIEG n\u00ba 113 y 114, 1983.<\/p>\n<p>Enrique Toral Pe\u00f1aranda: \u00abRafael Ortega Sagrista: La intimidad\u00bb, Senda de los Huertos n\u00ba 57-60, 2000.<\/p>\n<p>\u201cFue muy solemne la procesi\u00f3n del Santo Entierro de la Cofrad\u00eda del Cristo Yacente, de San Ildefonso\u201d, Diario Ja\u00e9n, domingo 6 de abril de 1969.<\/p>\n<p>\u00abEsta noche, don Rafael Ortega Sagrista pronunciar\u00e1 el preg\u00f3n de Semana Santa\u00bb, Diario Ja\u00e9n, 1 de abril de 1977.<\/p>\n<p>\u00abHoy pronunciar\u00e1 una conferencia sobre las cofrad\u00edas de Ja\u00e9n el Sr. Ortega Sagrista\u00bb, Diario Ja\u00e9n, 24 de marzo de 1956.<\/p>\n<p>\u00abUn trono nuevo lucir\u00e1 la Virgen de la Soledad, de San Ildefonso, el pr\u00f3ximo a\u00f1o\u00bb, Diario Ja\u00e9n, 22 de marzo de 1951.<\/p>\n<p>Yayyan.com<\/p>\n","protected":false},"excerpt":{"rendered":"<p>Por Juan Aranda Moreno \u00a0 \u00a0Historiador y escritor jiennense (1918-1988) Don Rafael Ortega y Sagrista naci\u00f3 en Ja\u00e9n el 13 de enero de 1918. Aunque a los 17 a\u00f1os acab\u00f3 el Bachillerato no pudo finalizar su licenciatura hasta 1942. Estudi\u00f3 &hellip; <a href=\"http:\/\/soledadjaen.es\/web\/?page_id=135\">Sigue leyendo <span class=\"meta-nav\">&rarr;<\/span><\/a><\/p>\n","protected":false},"author":1,"featured_media":0,"parent":0,"menu_order":0,"comment_status":"closed","ping_status":"closed","template":"","meta":{"ngg_post_thumbnail":0,"footnotes":""},"class_list":["post-135","page","type-page","status-publish","hentry"],"_links":{"self":[{"href":"http:\/\/soledadjaen.es\/web\/index.php?rest_route=\/wp\/v2\/pages\/135"}],"collection":[{"href":"http:\/\/soledadjaen.es\/web\/index.php?rest_route=\/wp\/v2\/pages"}],"about":[{"href":"http:\/\/soledadjaen.es\/web\/index.php?rest_route=\/wp\/v2\/types\/page"}],"author":[{"embeddable":true,"href":"http:\/\/soledadjaen.es\/web\/index.php?rest_route=\/wp\/v2\/users\/1"}],"replies":[{"embeddable":true,"href":"http:\/\/soledadjaen.es\/web\/index.php?rest_route=%2Fwp%2Fv2%2Fcomments&post=135"}],"version-history":[{"count":6,"href":"http:\/\/soledadjaen.es\/web\/index.php?rest_route=\/wp\/v2\/pages\/135\/revisions"}],"predecessor-version":[{"id":395,"href":"http:\/\/soledadjaen.es\/web\/index.php?rest_route=\/wp\/v2\/pages\/135\/revisions\/395"}],"wp:attachment":[{"href":"http:\/\/soledadjaen.es\/web\/index.php?rest_route=%2Fwp%2Fv2%2Fmedia&parent=135"}],"curies":[{"name":"wp","href":"https:\/\/api.w.org\/{rel}","templated":true}]}}